{"id":10661,"date":"2017-08-25T02:36:15","date_gmt":"2017-08-25T02:36:15","guid":{"rendered":"http:\/\/127.0.0.1\/wp\/boxstore\/?post_type=product&#038;p=10661\/"},"modified":"2022-08-06T04:54:05","modified_gmt":"2022-08-06T04:54:05","slug":"aceitedecoco","status":"publish","type":"product","link":"https:\/\/nutricenter.cl\/?product=aceitedecoco","title":{"rendered":"Aceite de coco de 1 Kg."},"content":{"rendered":"<p>Es un aceite vegetal, sustancia grasa que contiene cerca del 90% de \u00e1cidos saturados extra\u00eddos mediante prensado de la pulpa o la carne de los mejores cocos mexicanos. Suple al aceite comestible convencional, apto para toda toda la familia. Aceite de uso dom\u00e9stico, que resiste altas temperaturas y previene la oxidaci\u00f3n.<\/p>\n<p>Es elaborado 100% en fr\u00edo. Ayuda a incrementar los \u00edndices de colesterol bueno (HDL). Mejorando as\u00ed el factor colesterol malo (LDL)\/ Colesterol bueno (HDL), indispensable para la salud cardiovascular. Ayuda a prevenir infecciones virales, hongos y bacterias, por su componente antibacterial, con alto contenido de \u00e1cido la\u00farico que se encuentra solamente en aceite de coco y leche materna. Principalmente bacterias transportadas sexualmente. Clasificado como cadena mediana de \u00e1cidos graso (MCT\u2019s), que provee una fuerte inmediata de energ\u00eda y esto permite que el intestino delgado lo absorba y lo transporte al h\u00edgado, para ser utilizado como energ\u00eda y no como grasa. El aceite de coco es el \u00fanico con el que se deber\u00eda cocinar, puesto que es el \u00fanico que no se oxida al calentarlo. El aceite de coco ayuda a perder peso, evitar enfermedades cardiovasculares y problemas de tiroides como el hipotiroidismo tan extendido hoy en d\u00eda entre las mujeres.<\/p>\n<p>El coco es pr\u00e1cticamente el \u00fanico alimento que contiene \u00e1cidos grasos de cadena corta, que al contrario que el resto de las grasas, no necesitan ni enzimas pancre\u00e1ticas ni bilis para su digesti\u00f3n, por lo que resulta ideal para las personas a las que se le ha extirpado la Ves\u00edcula Biliar y tienen dificultades para digerir las grasas, o en general, para personas con problemas digestivos o de h\u00edgado. En los hospitales los \u00e1cidos grasos de cadena corta se incorporan generalmente a pacientes que requieren una alimentaci\u00f3n especial.<\/p>\n<p>El aceite de coco es rico en \u00e1cido la\u00farico de propiedades antiv\u00edricas. En el siguiente enlace puedes encontrar m\u00e1s de 330 beneficios del Aceito de Coco:<\/p>\n<p><strong>10 Beneficios de Aceite de Coco Org\u00e1nico:<\/strong><\/p>\n<p>Ha sido utilizado en culturas tropicales como un ingrediente de una dieta nutritiva por muchos siglos, el aceite de coco org\u00e1nico puede servir para:<\/p>\n<p>Mantenerse Saludable y Delgado<\/p>\n<p>\u2013 Puede impulsar y regular su metabolismo para mantener su peso bajo control con este maravilloso aceite.<\/p>\n<p>-Apoya su Sistema Inmunol\u00f3gico<\/p>\n<p>\u2013 El aceite de coco org\u00e1nico est\u00e1 repleto de \u00e1cido l\u00e1urico, el nutriente que apoya el sistema inmunol\u00f3gico.<\/p>\n<p>&#8211; Promueve la Salud Cardiaca \u2013<\/p>\n<p>-Est\u00e1 lleno de grasas saludables que son buenas para su coraz\u00f3n,<\/p>\n<p>&#8211; El aceite de coco org\u00e1nico es un estupendo agregado a su dieta diaria. Le Brinda Energ\u00eda Instant\u00e1nea<\/p>\n<p>\u2013 El aceite de coco org\u00e1nico puede ayudarlo a sentir menos fatiga y requerir menos horas de sue\u00f1o al estimular su metabolismo.<\/p>\n<p>&#8211; Tambi\u00e9n puede mejorar su desempe\u00f1o atl\u00e9tico<\/p>\n<p>&#8211; Apoya una Funci\u00f3n Sana de la Tiroides<\/p>\n<p>\u2013 El aceite de coco org\u00e1nico ayuda a estimular la actividad y el funcionamiento adecuado de esta importante gl\u00e1ndula que brinda energ\u00eda,<\/p>\n<p>&#8211; Apoya la salud de su piel y su metabolismo, y mantiene su estado emocional en equilibrio. M<\/p>\n<p>&#8211; Mantiene su Piel Jovial, Tersa y de Aspecto Saludable<\/p>\n<p>\u2013 Usar el aceite de coco org\u00e1nico y virgen como una loci\u00f3n servir\u00e1 para mejorar su piel, su pelo y sus u\u00f1as debido a sus efectos hidratantes y suavizantes que tambi\u00e9n promueven la elasticidad.<\/p>\n<p>&#8211; Mejora la Regeneraci\u00f3n de las C\u00e9lulas \u2013Cuando aumenta su \u00edndice metab\u00f3lico, su regeneraci\u00f3n celular tambi\u00e9n aumenta. Esto significa que su cuerpo r\u00e1pidamente reemplazar\u00e1 las c\u00e9lulas viejas con c\u00e9lulas m\u00e1s nuevas y sanas.<\/p>\n<p>Promueve una Actividad Anti-Viral, Anti-F\u00fangica y Anti-Bacteriana \u2013 Junto con el \u00e1cido l\u00e1urico, el aceite de coco org\u00e1nico posee muchos agentes naturales que pueden reducir los hongos, las bacterias y los virus que causan influenza, herpes, y otras enfermedades.<\/p>\n<p>Mejora la Secreci\u00f3n de Insulina \u2013 Esto sirve para usar mejor la glucosa para balancear la producci\u00f3n de insulina que sirve para aliviar los s\u00edntomas y reducir los riesgos para la salud asociados con la diabetes. Protege su Cuerpo de la Enfermedad .<\/p>\n<p>El aceite de coco org\u00e1nico puede servir para proteger su cuerpo del da\u00f1o de los radicales libres.<\/p>\n<p><strong>C\u00f3mo se consume:<\/strong><\/p>\n<p>El aceite de coco Extravirgen y 100% Natural, es un aceite blanco y s\u00f3lido, como una manteca (solidifica a menos de 24\u00b0C) se puede consumir como remedio directamente a cucharadas, s\u00f3lido o derriti\u00e9ndolo previamente en olla, sart\u00e9n, ba\u00f1o mar\u00eda (no microondas, pues desvirt\u00faa cualquier alimento), como tambi\u00e9n se puede usar igual que los aceites comestibles t\u00edpicos, para aderezar comidas, postres y ensaladas, hornear, fre\u00edr, etc, pues tiene la gran virtud de que No se degrada con el calor, aunque sea extremo, es ideal para la cocina, pues no se oxida al calentarlo, conservando todas sus propiedades intactas. Cuidado:<\/p>\n<p>No es necesarsio refrigeraci\u00f3n, s\u00ed debe protegerse de la luz (radiaci\u00f3n) y mantenerlo tapado, para evitar que se humedezca o se contamine.<\/p>\n","protected":false},"excerpt":{"rendered":"<p>Es una de las grasa mas saludables, rica en cadenas medias para\u00a0la recuperaci\u00f3n de la memoria, act\u00faa como antis\u00e9ptico bucal.<\/p>\n","protected":false},"featured_media":14908,"template":"","meta":[],"class_list":{"0":"post-10661","1":"product","2":"type-product","3":"status-publish","4":"has-post-thumbnail","6":"product_cat-alimento","8":"first","9":"instock","10":"featured","11":"taxable","12":"shipping-taxable","13":"purchasable","14":"product-type-simple"},"_links":{"self":[{"href":"https:\/\/nutricenter.cl\/index.php?rest_route=\/wp\/v2\/product\/10661","targetHints":{"allow":["GET"]}}],"collection":[{"href":"https:\/\/nutricenter.cl\/index.php?rest_route=\/wp\/v2\/product"}],"about":[{"href":"https:\/\/nutricenter.cl\/index.php?rest_route=\/wp\/v2\/types\/product"}],"wp:featuredmedia":[{"embeddable":true,"href":"https:\/\/nutricenter.cl\/index.php?rest_route=\/wp\/v2\/media\/14908"}],"wp:attachment":[{"href":"https:\/\/nutricenter.cl\/index.php?rest_route=%2Fwp%2Fv2%2Fmedia&parent=10661"}],"curies":[{"name":"wp","href":"https:\/\/api.w.org\/{rel}","templated":true}]}}