{"id":10665,"date":"2017-08-25T02:57:17","date_gmt":"2017-08-25T02:57:17","guid":{"rendered":"http:\/\/127.0.0.1\/wp\/boxstore\/?post_type=product&#038;p=10665\/"},"modified":"2024-05-06T19:53:39","modified_gmt":"2024-05-06T19:53:39","slug":"probiotico","status":"publish","type":"product","link":"https:\/\/nutricenter.cl\/?product=probiotico","title":{"rendered":"Probi\u00f3tico &#8211; Unidad de 60 C\u00e1psulas, 80 Billones de C\u00e9lulas por toma"},"content":{"rendered":"<p><strong>PROBIOTIC PLUS 50B (Ex Probiotic Plus Adulto)<\/strong><br \/>\n<em>M\u00e1xima potencia y alta eficacia<\/em><\/p>\n<p>Todos nuestros probi\u00f3ticos contienen\u00a0<em>Lactobacillus acidophilus<\/em>\u00a0DDS-1, incluido Probi\u00f3tico Plus 50B de 60 c\u00e1psulas, la cepa probi\u00f3tica m\u00e1s estudiada del mundo. DDS-1 junto con\u00a0<em>Lactobacillus rhamnosus<\/em>\u00a0y<em>\u00a0Biphidobacterium lactis<\/em>\u00a0forman una mezcla sin\u00e9rgica que favorece el equilibrio de la flora intestinal, mejorando el funcionamiento del sistema digestivo, la absorci\u00f3n de nutrientes, y potenciando el sistema inmune.<\/p>\n<p>Probiotic Plus 50B, es un probi\u00f3tico de alta potencia especialmente formulado para la salud de adultos con desbalances en la flora intestinal debidos a estr\u00e9s, tratamiento antibi\u00f3tico, cambios dietarios bruscos, entre otros.<\/p>\n<p>Su concentraci\u00f3n de probi\u00f3ticos es de 50 x 10<sup>9<\/sup><\/p>\n<p><strong>Formato:<\/strong> c\u00e1psulas de origen vegetal resistentes a los jugos g\u00e1stricos que entregan toda la potencia del probi\u00f3tico en el intestino.<\/p>\n","protected":false},"excerpt":{"rendered":"<p><span style=\"color: #99cc00;\"><strong><span style=\"font-size: 14pt;\">Sin Precio. Ver en p\u00e1gina\u00a0<a href=\"https:\/\/wellplus.cl\/\">https:\/\/wellplus.cl\/<\/a><\/span><br \/>\nUnidad de 60 C\u00e1psulas Vegetarianas &#8211; Contiene 80 Billones de c\u00e9lulas por c\u00e1psula para 60 d\u00edas.<\/strong> <\/span>Protector del trasto intestinal de pat\u00f3genos, limpi\u00e1ndolo y sacando s\u00edntomas desagradables como el mal aliento, gases y diarrea.<\/p>\n","protected":false},"featured_media":14391,"template":"","meta":[],"class_list":{"0":"post-10665","1":"product","2":"type-product","3":"status-publish","4":"has-post-thumbnail","6":"product_cat-suplemento","8":"first","9":"instock","10":"featured","11":"taxable","12":"shipping-taxable","13":"product-type-simple"},"_links":{"self":[{"href":"https:\/\/nutricenter.cl\/index.php?rest_route=\/wp\/v2\/product\/10665","targetHints":{"allow":["GET"]}}],"collection":[{"href":"https:\/\/nutricenter.cl\/index.php?rest_route=\/wp\/v2\/product"}],"about":[{"href":"https:\/\/nutricenter.cl\/index.php?rest_route=\/wp\/v2\/types\/product"}],"wp:featuredmedia":[{"embeddable":true,"href":"https:\/\/nutricenter.cl\/index.php?rest_route=\/wp\/v2\/media\/14391"}],"wp:attachment":[{"href":"https:\/\/nutricenter.cl\/index.php?rest_route=%2Fwp%2Fv2%2Fmedia&parent=10665"}],"curies":[{"name":"wp","href":"https:\/\/api.w.org\/{rel}","templated":true}]}}