{"id":14331,"date":"2018-10-28T22:26:30","date_gmt":"2018-10-28T22:26:30","guid":{"rendered":"https:\/\/nutricenter.cl\/wp\/?post_type=product&#038;p=14331"},"modified":"2022-07-28T22:43:43","modified_gmt":"2022-07-28T22:43:43","slug":"graviola","status":"publish","type":"product","link":"https:\/\/nutricenter.cl\/?product=graviola","title":{"rendered":"Graviola de 60 c\u00e1psulas vegetales"},"content":{"rendered":"<p>La\u00a0<strong>graviola<\/strong>\u00a0es aclamada como una hierba maravillosa\u2026 Tanto es as\u00ed que su popularidad como un remedio natural para los virus, el alivio del dolor e incluso para algunos tipos de c\u00e1ncer est\u00e1 ganando terreno.<\/p>\n<p>Por eso, sigue leyendo y no te pierdas todos los beneficios que hay detr\u00e1s de esta hierba\u2026<\/p>\n<ul>\n<li><strong>PROPIEDADES ANTIOXIDANTES<\/strong><\/li>\n<\/ul>\n<p>Estos antioxidantes ayudan a las personas a mantenerse saludables. As\u00ed, seg\u00fan un estudio de 2014, el extracto de graviola tiene muchos compuestos con capacidades antioxidantes.<\/p>\n<ul>\n<li><strong>PROPIEDADES ANTIINFLAMATORIAS\u00a0<\/strong><\/li>\n<\/ul>\n<p>De acuerdo con un\u00a0estudio, la graviola tiene propiedades antiinflamatorias que pueden aliviar el dolor.<\/p>\n<blockquote>\n<h3><strong>Su poder antioxidante y antiinflamatorio ayudan a las personas a mantenerse saludables y aliviar el dolor<\/strong><\/h3>\n<\/blockquote>\n<h3>Los investigadores del estudio apoyaron el uso de graviola como un remedio popular para el dolor y las afecciones inflamatorias.<\/h3>\n<ul>\n<li><strong>PUEDE AYUDAR A BAJAR EL AZ\u00daCAR EN LA SANGRE<\/strong><\/li>\n<\/ul>\n<p>La graviola puede ayudar a las personas a regular su nivel de az\u00facar en la sangre si tienen diabetes.\u00a0El estudio encontr\u00f3 que la graviola redujo significativamente los niveles de glucosa en sangre en ratas con diabetes.<\/p>\n<p>Adem\u00e1s, a pesar de que las ratas se alimentaron con menos comida y agua, no perdieron peso.\u00a0Los investigadores creen que esto puede ser el resultado de un mejor control de la glucosa.<\/p>\n<ul>\n<li><strong>PUEDE AYUDAR A DISMINUIR LA PRESI\u00d3N ARTERIAL<\/strong><\/li>\n<\/ul>\n<p>La graviola a menudo se usa como un remedio popular para bajar la presi\u00f3n sangu\u00ednea. La presi\u00f3n arterial alta no\u00a0controlada\u00a0puede aumentar el riesgo de enfermedad card\u00edaca, diabetes y accidente cerebrovascular.<\/p>\n<ul>\n<li><strong>PUEDE AYUDAR A PREVENIR LAS \u00daLCERAS<\/strong><\/li>\n<\/ul>\n<p>Las \u00falceras son llagas dolorosas que se desarrollan en el revestimiento del est\u00f3mago, el es\u00f3fago o el intestino delgado.<\/p>\n<p>De acuerdo con el estudio, la graviola mostr\u00f3 habilidades antiulcerosas y ayud\u00f3 a proteger el revestimiento mucoso del est\u00f3mago.\u00a0Tambi\u00e9n ayud\u00f3 a prevenir el da\u00f1o de los radicales libres en el tracto digestivo.<\/p>\n","protected":false},"excerpt":{"rendered":"<p>Anti-inflamatoria, preventiva de c\u00e1ncer, anti-tumoral.<\/p>\n","protected":false},"featured_media":14378,"template":"","meta":[],"class_list":{"0":"post-14331","1":"product","2":"type-product","3":"status-publish","4":"has-post-thumbnail","6":"product_cat-suplemento","8":"first","9":"instock","10":"taxable","11":"shipping-taxable","12":"purchasable","13":"product-type-simple"},"_links":{"self":[{"href":"https:\/\/nutricenter.cl\/index.php?rest_route=\/wp\/v2\/product\/14331","targetHints":{"allow":["GET"]}}],"collection":[{"href":"https:\/\/nutricenter.cl\/index.php?rest_route=\/wp\/v2\/product"}],"about":[{"href":"https:\/\/nutricenter.cl\/index.php?rest_route=\/wp\/v2\/types\/product"}],"wp:featuredmedia":[{"embeddable":true,"href":"https:\/\/nutricenter.cl\/index.php?rest_route=\/wp\/v2\/media\/14378"}],"wp:attachment":[{"href":"https:\/\/nutricenter.cl\/index.php?rest_route=%2Fwp%2Fv2%2Fmedia&parent=14331"}],"curies":[{"name":"wp","href":"https:\/\/api.w.org\/{rel}","templated":true}]}}