{"id":14334,"date":"2018-10-28T22:28:56","date_gmt":"2018-10-28T22:28:56","guid":{"rendered":"https:\/\/nutricenter.cl\/wp\/?post_type=product&#038;p=14334"},"modified":"2024-05-06T19:51:21","modified_gmt":"2024-05-06T19:51:21","slug":"alimentodesoya","status":"publish","type":"product","link":"https:\/\/nutricenter.cl\/?product=alimentodesoya","title":{"rendered":"L. de Soya 1 kilo"},"content":{"rendered":"<p>El alimento de soya (extracto de soya) es una bebida elaborada a partir de los granos de soya, la cual se obtiene remojando, moliendo, cocinado y filtrando la mezcla obtenida del poroto de soya y agua. Es libre de lactosa, no contiene case\u00edna (prote\u00edna de la leche) y tampoco colesterol, ya que es un producto de origen vegetal. Puede ser utilizado como una bebida l\u00e1ctea, en la preparaci\u00f3n de queques o como reemplazo de la leche en todo tipo de preparaciones.<\/p>\n<p>La leche de soya es un producto cuya base es la prote\u00edna de soya. Se agregan al producto vitaminas y minerales propios de la leche de vaca con el objetivo de mejorar su valor nutricional. Es apta para personas intolerantes a la lactosa y al gluten, adem\u00e1s se considera muy buena para tratar desarreglos hormonales (menopausia). Esto se debe a que es rica en fitoestr\u00f3genos, compuestos similares a las hormonas del cuerpo femenino, que ayudan entre otras cosas a regular la funci\u00f3n endocrina, aliviar los dolores pre-menstruales y los sofocos menop\u00e1usicos.<\/p>\n<p>Cabe destacar que la prote\u00edna de soya presente en la leche (extracto) de soya puede reducir el riesgo de enfermedades cardiovasculares.<\/p>\n","protected":false},"excerpt":{"rendered":"<p>Alimento rico en nutriente posee 30% de prote\u00ednas, tambi\u00e9n contiene Calcio. No transg\u00e9nica \u00fanica en Chile.<\/p>\n","protected":false},"featured_media":14380,"template":"","meta":[],"class_list":{"0":"post-14334","1":"product","2":"type-product","3":"status-publish","4":"has-post-thumbnail","6":"product_cat-alimento","8":"first","9":"instock","10":"featured","11":"taxable","12":"shipping-taxable","13":"product-type-simple"},"_links":{"self":[{"href":"https:\/\/nutricenter.cl\/index.php?rest_route=\/wp\/v2\/product\/14334","targetHints":{"allow":["GET"]}}],"collection":[{"href":"https:\/\/nutricenter.cl\/index.php?rest_route=\/wp\/v2\/product"}],"about":[{"href":"https:\/\/nutricenter.cl\/index.php?rest_route=\/wp\/v2\/types\/product"}],"wp:featuredmedia":[{"embeddable":true,"href":"https:\/\/nutricenter.cl\/index.php?rest_route=\/wp\/v2\/media\/14380"}],"wp:attachment":[{"href":"https:\/\/nutricenter.cl\/index.php?rest_route=%2Fwp%2Fv2%2Fmedia&parent=14334"}],"curies":[{"name":"wp","href":"https:\/\/api.w.org\/{rel}","templated":true}]}}