{"id":14947,"date":"2019-01-31T01:23:15","date_gmt":"2019-01-31T01:23:15","guid":{"rendered":"https:\/\/nutricenter.cl\/?post_type=product&#038;p=14947"},"modified":"2024-05-06T19:38:23","modified_gmt":"2024-05-06T19:38:23","slug":"magnesio-quelado-promocion-2-unidades-de-100-comprimidos","status":"publish","type":"product","link":"https:\/\/nutricenter.cl\/?product=magnesio-quelado-promocion-2-unidades-de-100-comprimidos","title":{"rendered":"Magnesio Quelado &#8211; Promoci\u00f3n 2 unidades de 100 comprimidos"},"content":{"rendered":"<p><b>Beneficios Potenciales<\/b><br \/>\nEl magnesio es un tranquilizante natural que mantiene el equilibrio energ\u00e9tico en las neuronas y act\u00faa sobre la transmisi\u00f3n nerviosa, manteniendo al sistema nervioso en perfecta salud. Recomendado para \u00a0tratamientos anti estr\u00e9s y anti depresi\u00f3n.<br \/>\nAyuda a fijar el calcio y el f\u00f3sforo en los huesos y dientes.<br \/>\nAyuda en el equilibrio hormonal, disminuyendo los dolores.<br \/>\nPreviene los c\u00e1lculos renales ya que moviliza al calcio.<br \/>\nAct\u00faa como laxante suave y anti\u00e1cido.<br \/>\nAyuda a conciliar el sue\u00f1o y la relajaci\u00f3n.<br \/>\nAct\u00faa controlando la flora intestinal y nos protege de las enfermedades cardiovasculares.<br \/>\nFavorable para quien padezca de hipertensi\u00f3n.<\/p>\n<p><b>Dosis recomendada<\/b><br \/>\n2 a 3 comprimidos al d\u00eda.<\/p>\n<p><i><b>Contraindicaciones:<\/b>\u00a0Su uso no es recomendable para ni\u00f1os menores de 8 a\u00f1os y embarazadas o en per\u00edodo de lactancia. Salvo indicaci\u00f3n profesional y no reemplaza una alimentaci\u00f3n balanceada.<\/i><\/p>\n<ul>\n<li><i>En caso de\u00a0<b>hipertensi\u00f3n<\/b>\u00a0o hipotensi\u00f3n debe consultar a su m\u00e9dico tratante antes de usar este producto.<\/i><\/li>\n<li><i>Personas con problemas\u00a0<b>Renales.<\/b><\/i><\/li>\n<li><b><i>Colitis ulcerosa.<\/i><\/b><\/li>\n<li><i><b>Consumo de antibi\u00f3ticos<\/b>. Se deben\u00a0<b>consumir distanciados<\/b>\u00a0unas tres o cuatro horas ya que el magnesio puede afectar la efectividad del antibi\u00f3tico.<\/i><\/li>\n<\/ul>\n","protected":false},"excerpt":{"rendered":"<p><strong><span style=\"color: #99cc00;\">CADA ENVASE CONTIENE 100 COMPRIMIDOS Y PESA 65 GRAMOS.<\/span><br \/>\n<\/strong>Es un mineral simple pero el m\u00e1s importante del cuerpo porque ayuda en una amplia\u00a0gama de problemas de salud.<\/p>\n","protected":false},"featured_media":14395,"template":"","meta":[],"class_list":{"0":"post-14947","1":"product","2":"type-product","3":"status-publish","4":"has-post-thumbnail","6":"product_cat-suplemento","8":"first","9":"instock","10":"taxable","11":"shipping-taxable","12":"product-type-simple"},"_links":{"self":[{"href":"https:\/\/nutricenter.cl\/index.php?rest_route=\/wp\/v2\/product\/14947","targetHints":{"allow":["GET"]}}],"collection":[{"href":"https:\/\/nutricenter.cl\/index.php?rest_route=\/wp\/v2\/product"}],"about":[{"href":"https:\/\/nutricenter.cl\/index.php?rest_route=\/wp\/v2\/types\/product"}],"wp:featuredmedia":[{"embeddable":true,"href":"https:\/\/nutricenter.cl\/index.php?rest_route=\/wp\/v2\/media\/14395"}],"wp:attachment":[{"href":"https:\/\/nutricenter.cl\/index.php?rest_route=%2Fwp%2Fv2%2Fmedia&parent=14947"}],"curies":[{"name":"wp","href":"https:\/\/api.w.org\/{rel}","templated":true}]}}