{"id":15090,"date":"2020-06-19T20:31:47","date_gmt":"2020-06-19T20:31:47","guid":{"rendered":"https:\/\/nutricenter.cl\/?post_type=product&#038;p=15090"},"modified":"2024-05-06T19:41:48","modified_gmt":"2024-05-06T19:41:48","slug":"aceite-de-oliva-zeitun-5-litros","status":"publish","type":"product","link":"https:\/\/nutricenter.cl\/?product=aceite-de-oliva-zeitun-5-litros","title":{"rendered":"Aceite de Oliva Zeitun &#8211; 5 litros"},"content":{"rendered":"<p>\u00danico en Chile con la m\u00e1xima cantidad de Hidroxitirosol, el antioxidante m\u00e1s potente del Olivo. Adem\u00e1s, es antibi\u00f3tico e inmunoestimulante.<\/p>\n","protected":false},"excerpt":{"rendered":"<p>\u00danico en Chile con la m\u00e1xima cantidad de Hidroxitirosol, el antioxidante m\u00e1s potente del Olivo. Adem\u00e1s, es antibi\u00f3tico e inmunoestimulante.<\/p>\n","protected":false},"featured_media":15091,"template":"","meta":[],"class_list":{"0":"post-15090","1":"product","2":"type-product","3":"status-publish","4":"has-post-thumbnail","6":"product_cat-alimento","8":"first","9":"instock","10":"taxable","11":"shipping-taxable","12":"product-type-simple"},"_links":{"self":[{"href":"https:\/\/nutricenter.cl\/index.php?rest_route=\/wp\/v2\/product\/15090","targetHints":{"allow":["GET"]}}],"collection":[{"href":"https:\/\/nutricenter.cl\/index.php?rest_route=\/wp\/v2\/product"}],"about":[{"href":"https:\/\/nutricenter.cl\/index.php?rest_route=\/wp\/v2\/types\/product"}],"wp:featuredmedia":[{"embeddable":true,"href":"https:\/\/nutricenter.cl\/index.php?rest_route=\/wp\/v2\/media\/15091"}],"wp:attachment":[{"href":"https:\/\/nutricenter.cl\/index.php?rest_route=%2Fwp%2Fv2%2Fmedia&parent=15090"}],"curies":[{"name":"wp","href":"https:\/\/api.w.org\/{rel}","templated":true}]}}