{"id":15179,"date":"2024-08-13T21:00:49","date_gmt":"2024-08-13T21:00:49","guid":{"rendered":"https:\/\/nutricenter.cl\/?post_type=product&#038;p=15179"},"modified":"2024-08-13T21:03:44","modified_gmt":"2024-08-13T21:03:44","slug":"pasta-de-dientes-himalaya-de-150gr","status":"publish","type":"product","link":"https:\/\/nutricenter.cl\/?product=pasta-de-dientes-himalaya-de-150gr","title":{"rendered":"Pasta de dientes Himalaya de 150gr."},"content":{"rendered":"<p>Si quieres una boca llena de frescura un estallido de sabores ex\u00f3ticos y una sonrisa con la que puedes contar busca Himalaya Botanique Neem y Pomegranate Toothpaste natural pasta de dientes con ingredientes confiables y probados para limpiar sus dientes y promover enc\u00edas de aspecto saludable.<br \/>\nLas ramitas de Neem que se usaban tradicionalmente para limpiar los dientes le dan a esta pasta de dientes sin fl\u00faor su brillo. La granada ayuda a promover las enc\u00edas sanas Triphala tiene propiedades refrescantes y astringentes. La pasta de dientes de neem tiene una clasificaci\u00f3n de abrasividad de dentina relativa suave de RDA de 70 o menos. Est\u00e1 libre de fluoruro carragenano gluten y SLS.<br \/>\nEst\u00e1 hecho sin colores artificiales. No es animal y es vegano y 100% vegetariano. A diferencia de otras cremas dentales naturales que sacrifican espuma y sabor Himalaya Botanique Neem y pasta de dientes de granada te da un gran sabor maravillosamente abundante de acci\u00f3n limpia, espumosa y sabor duradero.<br \/>\nHimalaya Botanique Neem y granada pasta de dientes viene en un tubo de 150 gramos 5.29 oz Todos los productos de Himalaya Botanique son rigurosamente estudiados para la seguridad y eficacia de pureza. Adem\u00e1s de ser probado para la calidad y potencia Himalaya Botanique La pasta de dientes Neem and Pomegranate tambi\u00e9n se produce en una f\u00e1brica de cGMP. Cuando desee una pasta de dientes natural libre de fl\u00faor sin sacrificar la acci\u00f3n de espuma limpia, siembre nuevas semillas de bienestar con Himalaya Botanique Neem Pomegranate Toothpaste Cuando se trata de productos a base de hierbas naturales y confiable en todo el mundo es Himalaya desde 1930.<\/p>\n","protected":false},"excerpt":{"rendered":"<p>Si quieres una boca llena de frescura un estallido de sabores ex\u00f3ticos y una sonrisa con la que puedes contar busca Himalaya<\/p>\n","protected":false},"featured_media":14382,"template":"","meta":[],"class_list":{"0":"post-15179","1":"product","2":"type-product","3":"status-publish","4":"has-post-thumbnail","6":"product_cat-higiene-bucal","8":"first","9":"instock","10":"taxable","11":"shipping-taxable","12":"product-type-simple"},"_links":{"self":[{"href":"https:\/\/nutricenter.cl\/index.php?rest_route=\/wp\/v2\/product\/15179","targetHints":{"allow":["GET"]}}],"collection":[{"href":"https:\/\/nutricenter.cl\/index.php?rest_route=\/wp\/v2\/product"}],"about":[{"href":"https:\/\/nutricenter.cl\/index.php?rest_route=\/wp\/v2\/types\/product"}],"wp:featuredmedia":[{"embeddable":true,"href":"https:\/\/nutricenter.cl\/index.php?rest_route=\/wp\/v2\/media\/14382"}],"wp:attachment":[{"href":"https:\/\/nutricenter.cl\/index.php?rest_route=%2Fwp%2Fv2%2Fmedia&parent=15179"}],"curies":[{"name":"wp","href":"https:\/\/api.w.org\/{rel}","templated":true}]}}